{"id":55,"date":"2016-04-13T17:56:08","date_gmt":"2016-04-13T15:56:08","guid":{"rendered":"http:\/\/erstersjc.de\/wordpress\/?page_id=55"},"modified":"2026-04-17T07:41:11","modified_gmt":"2026-04-17T05:41:11","slug":"ausschreibungen","status":"publish","type":"page","link":"https:\/\/erstersjc.de\/?page_id=55","title":{"rendered":"Ausschreibungen"},"content":{"rendered":"<p><span style=\"color: #595959; font-family: georgia, palatino, serif; font-size: 20px; text-decoration: underline;\"><strong>2026<\/strong><\/span><\/p>\n<p><span style=\"font-family: georgia, palatino, serif;\"><a href=\"https:\/\/erstersjc.de\/wp-content\/uploads\/2026\/04\/Fruehlingspokal-2026-Ausschreibung_neu.pdf\"><span style=\"color: #008000;\"><span style=\"font-size: 20px;\"><strong>&#8222;Fr\u00fchlingspokal 2026&#8220; am 18.04.2026<\/strong><\/span><\/span><\/a><\/span><\/p>\n<p><span style=\"font-family: georgia, palatino, serif;\"><span style=\"color: #ff0000;\">Turnhalle der Lankower Grundschule<br \/>\n<\/span><span style=\"color: #595959;\">19057 Schwerin, Rahlstedet Str. 3b<\/span><\/span><\/p>\n<p><span style=\"font-family: georgia, palatino, serif; color: #595959;\"><strong>Wichtiger Hinweis:<\/strong><\/span><br \/>\n<span style=\"font-family: georgia, palatino, serif; color: #595959;\">Alle Judoka m\u00fcssen ihre Graduierung zum 8. Kyu vor Ort nachweisen k\u00f6nnen, entweder durch den Judopass in Papierform, dem digitalen Judopass oder Vorlage der Graduierungsurkunde bzw. Best\u00e4tigung durch TrainerIn \/ BetreuerIn mit Datumsangabe der Pr\u00fcfung bzw. Verleihung des 8. Kyu.<\/span><\/p>\n<p>&nbsp;<\/p>\n<p>&nbsp;<\/p>\n<p><span style=\"color: #333333; font-family: georgia,palatino,serif; font-size: 20px; text-decoration: underline;\"><strong>2025<\/strong><\/span><\/p>\n<p>&nbsp;<\/p>\n<p><a href=\"https:\/\/erstersjc.de\/wp-content\/uploads\/2025\/09\/Herbstpokal-2025-Ausschreibung_Vorlage_eint\u00e4gig.pdf\"><strong><span style=\"color: #000000;\"><span style=\"color: #008000;\"><span style=\"font-size: 20px;\">&#8222;Herbstpokal 2025&#8220; am 11.10.2025<\/span><\/span><\/span><\/strong><\/a><\/p>\n<p><span style=\"color: #ff0000;\">Turnhalle der Lankower Grundschule<\/span><br \/>\n19057 Schwerin, Rahlstedet Str. 3b<\/p>\n<p>&nbsp;<\/p>\n<p><a href=\"https:\/\/erstersjc.de\/wp-content\/uploads\/2025\/03\/Fr\u00fchlingspokal-2025-Ausschreibung.pdf\"><span style=\"color: #008000;\"><span style=\"font-size: 20px;\"><strong>&#8222;Fr\u00fchlingspokal 2025&#8220; am 05.04.2025<\/strong><\/span><\/span><\/a><\/p>\n<p><span style=\"color: #ff0000;\">Turnhalle der Lankower Grundschule<br \/>\n<\/span>19057 Schwerin, Rahlstedet Str. 3b<\/p>\n<p><strong>Wichtiger Hinweis:<\/strong><br \/>\nAlle Judoka m\u00fcssen ihre Graduierung zum 8. Kyu vor Ort nachweisen k\u00f6nnen, entweder durch den Judopass in Papierform, dem digitalen Judopass oder Vorlage der Graduierungsurkunde bzw. Best\u00e4tigung durch TrainerIn \/ BetreuerIn mit Datumsangabe der Pr\u00fcfung bzw. Verleihung des 8. Kyu.<\/p>\n<p>&nbsp;<\/p>\n<p>&nbsp;<\/p>\n<p><span style=\"color: #333333; font-family: georgia,palatino,serif; font-size: 20px; text-decoration: underline;\"><strong>2024<\/strong><\/span><\/p>\n<p>&nbsp;<\/p>\n<p><a href=\"https:\/\/erstersjc.de\/wp-content\/uploads\/2024\/09\/Herbstpokal-2024-Ausschreibung.pdf\"><span style=\"color: #008000;\"><span style=\"font-size: 20px;\"><strong>&#8222;Herbstpokal 2024&#8220; am 12.\/13.10.2024<\/strong><\/span><\/span><\/a><\/p>\n<p><span style=\"color: #ff0000;\">Turnhalle der Lankower Grundschule<br \/>\n<\/span>19057 Schwerin, Rahlstedet Str. 3b<\/p>\n<p>&nbsp;<\/p>\n<p><a href=\"https:\/\/erstersjc.de\/wp-content\/uploads\/2024\/02\/Fr\u00fchlingspokal-2024-Ausschreibung.pdf\"><span style=\"color: #008000;\"><span style=\"font-size: 20px;\"><strong>&#8222;Fr\u00fchlingspokal 2024&#8220; am 20.04.2024<\/strong><\/span><\/span><\/a><\/p>\n<p><span style=\"color: #ff0000;\">Turnhalle der Lankower Grundschule<br \/>\n<\/span>19057 Schwerin, Rahlstedet Str. 3b<\/p>\n<p>&nbsp;<\/p>\n<p>&nbsp;<\/p>\n<p><span style=\"color: #333333; font-family: georgia,palatino,serif; font-size: 20px; text-decoration: underline;\"><strong>2023<\/strong><\/span><\/p>\n<p>&nbsp;<\/p>\n<p><a href=\"https:\/\/erstersjc.de\/wp-content\/uploads\/2023\/10\/SJC_Herbstpokal_2023.pdf\"><span style=\"color: #008000;\"><span style=\"font-size: 20px;\"><strong>&#8222;Herbstpokal 2023&#8220; am 21.10.2023<\/strong><\/span><\/span><\/a><\/p>\n<p><span style=\"color: #ff0000;\">Turnhalle der Lankower Grundschule<br \/>\n<\/span>19057 Schwerin, Rahlstedet Str. 3b<\/p>\n<p>&nbsp;<\/p>\n<p><a href=\"https:\/\/erstersjc.de\/wp-content\/uploads\/2023\/04\/SJC_Fr\u00fchlingspokal_2023.pdf\"><span style=\"color: #008000;\"><span style=\"font-size: 20px;\"><strong>&#8222;Fr\u00fchlingspokal 2023&#8220; am 22.04.2023<\/strong><\/span><\/span><\/a><\/p>\n<p><span style=\"color: #ff0000;\">Turnhalle der Lankower Grundschule<br \/>\n<\/span>19057 Schwerin, Rahlstedet Str. 3b<\/p>\n<p>&nbsp;<\/p>\n<p>&nbsp;<\/p>\n<p><span style=\"color: #333333; font-family: georgia,palatino,serif; font-size: 20px; text-decoration: underline;\"><strong>2022<\/strong><\/span><\/p>\n<p>&nbsp;<\/p>\n<p><a href=\"https:\/\/erstersjc.de\/wp-content\/uploads\/2022\/09\/Herbstpokal-2022-Ausschreibung.pdf\"><span style=\"color: #008000;\"><strong><span style=\"font-size: 20px;\">&#8222;Herbstpokal 2022&#8220; am 22.10.2022<\/span><\/strong><\/span><\/a><\/p>\n<p><span style=\"color: #ff0000;\">Turnhalle der Lankower Grundschule<br \/>\n<\/span>19057 Schwerin, Rahlstedet Str. 3b<\/p>\n<p>&nbsp;<\/p>\n<p><a href=\"https:\/\/erstersjc.de\/wp-content\/uploads\/2022\/02\/Fr\u00fchlingspokal-2022-Ausschreibung.pdf\"><span style=\"color: #008000;\"><span style=\"font-size: 20px;\"><strong>&#8222;Fr\u00fchlingspokal 2022&#8220; am 23.04.2022<\/strong><\/span><\/span><\/a><\/p>\n<p><span style=\"color: #ff0000;\">Judohalle des 1. SJC<\/span><br \/>\n19063 Schwerin, Hamburger Allee 122<\/p>\n<p>&nbsp;<\/p>\n<p><span style=\"color: #333333; font-family: georgia,palatino,serif; font-size: 20px; text-decoration: underline;\"><strong>2021<\/strong><\/span><\/p>\n<p><span style=\"font-size: 16px; color: #595959;\"><a style=\"color: #595959;\" href=\"https:\/\/erstersjc.de\/wp-content\/uploads\/2021\/09\/Herbstpokal-2021-Ausschreibung_20211016.pdf\">&#8222;Herbstpokal 2021&#8220; am 16.\/17.10.2021 <\/a><\/span><\/p>\n<p>&nbsp;<\/p>\n<p><span style=\"color: #333333; font-family: georgia,palatino,serif; font-size: 20px; text-decoration: underline;\"><strong>2020<\/strong><\/span><\/p>\n<p><span style=\"color: #333333; font-family: georgia,palatino,serif; font-size: 16px;\"><a style=\"color: #333333;\" href=\"https:\/\/erstersjc.de\/wp-content\/uploads\/2020\/03\/Fr\u00fchlingspokal-2020-04-18.pdf\">&#8222;Fr\u00fchlingspokal&#8220; am 18.04.2020<\/a><\/span><\/p>\n<p>&nbsp;<\/p>\n<p>&nbsp;<\/p>\n<p><span style=\"color: #333333; font-family: georgia,palatino,serif; font-size: 20px; text-decoration: underline;\"><strong>2019<\/strong><\/span><\/p>\n<p><span style=\"color: #333333; font-family: georgia,palatino,serif; font-size: 16px;\">Vereinsmeisterschaften am 14.12.2019 &#8211; (nur intern)<\/span><\/p>\n<p><span style=\"color: #333333; font-family: georgia,palatino,serif; font-size: 16px;\"><a style=\"color: #333333;\" href=\"https:\/\/erstersjc.de\/wp-content\/uploads\/2019\/08\/Ausschreibung-Herbstpokal-2019.pdf\">&#8222;Herbstpokal&#8220; am September 2019<\/a>\u00a0 <a style=\"color: #333333;\" href=\"https:\/\/erstersjc.de\/wp-content\/uploads\/2019\/08\/Ausschreibung-R\u00fcckseite.pdf\"><strong>in neuer Halle<\/strong><\/a><\/span><\/p>\n<p><span style=\"color: #333333; font-family: georgia,palatino,serif; font-size: 16px;\"><a style=\"color: #333333;\" href=\"https:\/\/erstersjc.de\/wp-content\/uploads\/2019\/03\/Ausschreibung_Fruehlingspokal_2019.pdf\" target=\"_blank\" rel=\"noopener noreferrer\">&#8222;Fr\u00fchlingspokal&#8220; am 06.04.2019<\/a><\/span><\/p>\n<p>&nbsp;<\/p>\n<p>&nbsp;<\/p>\n<p>&nbsp;<\/p>\n","protected":false},"excerpt":{"rendered":"<p>2026 &#8222;Fr\u00fchlingspokal 2026&#8220; am 18.04.2026 Turnhalle der Lankower Grundschule 19057 Schwerin, Rahlstedet Str. 3b Wichtiger Hinweis: Alle Judoka m\u00fcssen ihre Graduierung zum 8. Kyu vor Ort nachweisen k\u00f6nnen, entweder durch den Judopass in Papierform, dem digitalen Judopass oder Vorlage der Graduierungsurkunde bzw. Best\u00e4tigung durch TrainerIn \/ BetreuerIn mit Datumsangabe der Pr\u00fcfung bzw. Verleihung des 8. [&hellip;]<\/p>\n","protected":false},"author":3,"featured_media":0,"parent":0,"menu_order":0,"comment_status":"closed","ping_status":"closed","template":"","meta":{"footnotes":""},"class_list":["post-55","page","type-page","status-publish","hentry"],"_links":{"self":[{"href":"https:\/\/erstersjc.de\/index.php?rest_route=\/wp\/v2\/pages\/55","targetHints":{"allow":["GET"]}}],"collection":[{"href":"https:\/\/erstersjc.de\/index.php?rest_route=\/wp\/v2\/pages"}],"about":[{"href":"https:\/\/erstersjc.de\/index.php?rest_route=\/wp\/v2\/types\/page"}],"author":[{"embeddable":true,"href":"https:\/\/erstersjc.de\/index.php?rest_route=\/wp\/v2\/users\/3"}],"replies":[{"embeddable":true,"href":"https:\/\/erstersjc.de\/index.php?rest_route=%2Fwp%2Fv2%2Fcomments&post=55"}],"version-history":[{"count":59,"href":"https:\/\/erstersjc.de\/index.php?rest_route=\/wp\/v2\/pages\/55\/revisions"}],"predecessor-version":[{"id":11605,"href":"https:\/\/erstersjc.de\/index.php?rest_route=\/wp\/v2\/pages\/55\/revisions\/11605"}],"wp:attachment":[{"href":"https:\/\/erstersjc.de\/index.php?rest_route=%2Fwp%2Fv2%2Fmedia&parent=55"}],"curies":[{"name":"wp","href":"https:\/\/api.w.org\/{rel}","templated":true}]}}