{"id":46,"date":"2016-04-13T17:52:30","date_gmt":"2016-04-13T15:52:30","guid":{"rendered":"http:\/\/erstersjc.de\/wordpress\/?page_id=46"},"modified":"2023-11-02T18:16:57","modified_gmt":"2023-11-02T17:16:57","slug":"sponsoren","status":"publish","type":"page","link":"https:\/\/erstersjc.de\/?page_id=46","title":{"rendered":"Sponsoren"},"content":{"rendered":"<table class=\"contentpaneopen\" style=\"height: 1946px;\" border=\"1\">\n<tbody>\n<tr style=\"height: 1946px;\">\n<td style=\"height: 1946px; width: 100%;\" valign=\"top\">\n<p style=\"text-align: center;\"><strong><span style=\"color: #0000ff;\">Unsere Sponsoren und F\u00f6rderer<\/span><br \/>\n<\/strong><\/p>\n<p style=\"text-align: center;\">Vielen Dank an unsere Sponsoren, F\u00f6rderer und Unterst\u00fctzer des 1. Schweriner Judo Club e.V. 1999!<\/p>\n<p style=\"text-align: center;\">Ohne deren Hilfe h\u00e4tten viele Anschaffungen nicht get\u00e4tigt werden k\u00f6nnen bzw. Turniere nicht stattfinden k\u00f6nnen.<\/p>\n<table class=\"aligncenter\" style=\"height: 1795px; width: 90.0379%;\" border=\"1\" align=\"center\">\n<tbody>\n<tr style=\"height: 42px;\">\n<td style=\"width: 35.4707%; height: 100px;\"><a href=\"https:\/\/www.wemag.com\/\" target=\"_blank\" rel=\"noopener noreferrer\"><img loading=\"lazy\" decoding=\"async\" class=\"aligncenter\" src=\"https:\/\/erstersjc.de\/wordpress\/wp-includes\/imagesjoom\/banners\/WEMAG_LG_4c.gif\" width=\"183\" height=\"42\" border=\"0\" \/><\/a><\/td>\n<td style=\"background-color: #ffffff; text-align: center; width: 55.603%; height: 100px;\" bgcolor=\"#b4b4b4\"><strong>WEMAG<\/strong><\/td>\n<\/tr>\n<tr style=\"height: 350px;\">\n<td style=\"width: 35.4707%; height: 350px;\"><a href=\"https:\/\/erstersjc.de\/wp-content\/uploads\/2018\/08\/DOSB_IdS-Logo_Button_Stuetzpunktverein_ab2018_Farbe_rgb_300dpi.jpg\"><img loading=\"lazy\" decoding=\"async\" class=\"size-medium wp-image-7063 aligncenter\" src=\"https:\/\/erstersjc.de\/wp-content\/uploads\/2018\/08\/DOSB_IdS-Logo_Button_Stuetzpunktverein_ab2018_Farbe_rgb_300dpi-180x300.jpg\" alt=\"\" width=\"180\" height=\"300\" srcset=\"https:\/\/erstersjc.de\/wp-content\/uploads\/2018\/08\/DOSB_IdS-Logo_Button_Stuetzpunktverein_ab2018_Farbe_rgb_300dpi-180x300.jpg 180w, https:\/\/erstersjc.de\/wp-content\/uploads\/2018\/08\/DOSB_IdS-Logo_Button_Stuetzpunktverein_ab2018_Farbe_rgb_300dpi-768x1279.jpg 768w, https:\/\/erstersjc.de\/wp-content\/uploads\/2018\/08\/DOSB_IdS-Logo_Button_Stuetzpunktverein_ab2018_Farbe_rgb_300dpi-615x1024.jpg 615w, https:\/\/erstersjc.de\/wp-content\/uploads\/2018\/08\/DOSB_IdS-Logo_Button_Stuetzpunktverein_ab2018_Farbe_rgb_300dpi.jpg 887w\" sizes=\"auto, (max-width: 180px) 100vw, 180px\" \/><\/a><\/td>\n<td style=\"background-color: #ffffff; text-align: center; width: 55.603%; height: 350px;\" bgcolor=\"#b4b4b4\">\n<h1><span style=\"font-size: 16px;\">Integration durch Sport<\/span><\/h1>\n<\/td>\n<\/tr>\n<tr style=\"height: 100px;\">\n<td style=\"width: 35.4707%; height: 100px;\"><a href=\"https:\/\/www.sparkasse-mecklenburg-schwerin.de\/de\/home.html\"><img decoding=\"async\" class=\"aligncenter\" src=\"https:\/\/erstersjc.de\/wordpress\/wp-includes\/imagesjoom\/\/banners\/sparkasse.jpg\" border=\"0\" \/><\/a><\/td>\n<td style=\"width: 55.603%; height: 100px; background-color: #fcfcfc; text-align: center;\" bgcolor=\"#b4b4b4\"><strong>Sparkasse Mecklenburg-Schwerin<\/strong><\/td>\n<\/tr>\n<tr style=\"height: 160px;\">\n<td style=\"width: 35.4707%; height: 160px;\"><a href=\"http:\/\/gordon-brosch.devk.de\/?domainref=www.gordon-brosch.devk.de\" target=\"_blank\" rel=\"noopener noreferrer\"><img loading=\"lazy\" decoding=\"async\" class=\"aligncenter\" src=\"https:\/\/erstersjc.de\/wordpress\/wp-includes\/imagesjoom\/banners\/devk.jpg\" width=\"183\" height=\"76\" border=\"0\" \/><\/a><\/td>\n<td style=\"text-align: center; width: 55.603%; height: 160px;\">\n<p style=\"text-align: center;\"><strong>Gordon Brosch DEVK Versicherungen<\/strong><\/p>\n<p style=\"text-align: center;\">19055 Schwerin, Werderstr. 64<br \/>\nTelefon: 0385\/20279202 Mobil: 0172\/3148429<\/p>\n<p style=\"text-align: center;\"><a href=\"http:\/\/www.gordon-brosch.devk.de\/\" target=\"_blank\" rel=\"noopener noreferrer\">www.gordon-brosch.devk.de<\/a><\/p>\n<\/td>\n<\/tr>\n<tr style=\"height: 200px;\">\n<td style=\"width: 35.4707%; height: 200px;\"><img decoding=\"async\" class=\"aligncenter\" src=\"https:\/\/erstersjc.de\/wordpress\/wp-includes\/imagesjoom\/banners\/daehn_klos.jpg\" border=\"0\" \/><\/td>\n<td style=\"text-align: center; width: 55.603%; height: 200px;\">\n<p style=\"text-align: center;\"><strong>Herrn Thomas D\u00e4hn<\/strong><\/p>\n<p>als Betreiber der beiden TOTAL Stationen in Schwerin in der<br \/>\nL\u00fcbecker Stra\u00dfe und am Obotritenring und<\/p>\n<p style=\"text-align: center;\"><strong>Herr Sven Klos<\/strong><\/p>\n<p style=\"text-align: center;\">als Inhaber der Firma Auto Absolut<\/p>\n<\/td>\n<\/tr>\n<tr style=\"height: 200px;\">\n<td style=\"width: 35.4707%; height: 200px;\"><img loading=\"lazy\" decoding=\"async\" class=\"aligncenter\" src=\"https:\/\/erstersjc.de\/wordpress\/wp-includes\/cache\/117_0_0_images_banners_TK_logo.jpg\" alt=\"Techniker Krankenkasse\" width=\"180\" height=\"135\" border=\"0\" \/><\/td>\n<td style=\"text-align: center; width: 55.603%; height: 200px;\">\n<p style=\"text-align: center;\"><strong>Techniker Krankenkasse<\/strong><\/p>\n<p style=\"text-align: center;\">Jens L\u00fcbbe \/Privat- und Firmenkundenberater<\/p>\n<p style=\"text-align: center;\">19053 Schwerin, Wismarsche Str. 142<br \/>\nTelefon: 0385\/76 09-541 Mobil: 01 60 &#8211; 90 13 66 71<\/p>\n<p style=\"text-align: center;\">e-Mail: <a href=\"mailto:Jens.Luebbe@tk.de\">Jens.Luebbe@tk.de<\/a><\/p>\n<\/td>\n<\/tr>\n<tr style=\"height: 100px;\">\n<td style=\"width: 35.4707%; height: 100px;\"><a href=\"http:\/\/www.toom-baumarkt.de\" target=\"_blank\" rel=\"noopener noreferrer\"><img decoding=\"async\" class=\"aligncenter\" src=\"https:\/\/erstersjc.de\/wordpress\/wp-includes\/imagesjoom\/banners\/toom.jpg\" border=\"0\" \/><\/a><\/td>\n<td style=\"text-align: center; width: 55.603%; height: 100px;\">\n<p style=\"text-align: center;\"><strong>toom Baumarkt Schwerin<\/strong><\/p>\n<\/td>\n<\/tr>\n<tr style=\"height: 120px;\">\n<td style=\"width: 35.4707%; height: 120px;\"><img loading=\"lazy\" decoding=\"async\" class=\"aligncenter\" src=\"https:\/\/erstersjc.de\/wordpress\/wp-includes\/cache\/117_0_0_images_banners_logo_naturo2.jpg\" width=\"182\" height=\"47\" border=\"0\" \/><\/td>\n<td style=\"text-align: center; width: 55.603%; height: 120px;\">\n<p style=\"text-align: center;\"><strong>Naturo Bodenbel\u00e4ge -Sebastian Dahl und Rene Hartmann<\/strong><\/p>\n<p style=\"text-align: center;\">19055 Schwerin, B\u00fcrgermeister-Bade-Platz 2<br \/>\nTelefon 0385-561117, www.naturo-schwerin.de, <a href=\"mailto:info@naturo-schwerin.de\">info@naturo-schwerin.de<\/a><\/p>\n<\/td>\n<\/tr>\n<tr style=\"height: 136px;\">\n<td style=\"width: 35.4707%; height: 136px;\"><strong>Hier k\u00f6nnte Ihr LOGO stehen!<\/strong><\/td>\n<td style=\"text-align: center; width: 55.603%; height: 136px;\">F\u00fcr weitere Sponsoren und F\u00f6rderer des Judoclubs w\u00e4re hier noch Platz.<\/p>\n<p>Nehmen Sie Kontakt zu uns auf.<\/td>\n<\/tr>\n<\/tbody>\n<\/table>\n<\/td>\n<\/tr>\n<\/tbody>\n<\/table>\n<p style=\"text-align: center;\"><span class=\"article_separator\">\u00a0<\/span><\/p>\n","protected":false},"excerpt":{"rendered":"<p>Unsere Sponsoren und F\u00f6rderer Vielen Dank an unsere Sponsoren, F\u00f6rderer und Unterst\u00fctzer des 1. Schweriner Judo Club e.V. 1999! Ohne deren Hilfe h\u00e4tten viele Anschaffungen nicht get\u00e4tigt werden k\u00f6nnen bzw. Turniere nicht stattfinden k\u00f6nnen. WEMAG Integration durch Sport Sparkasse Mecklenburg-Schwerin Gordon Brosch DEVK Versicherungen 19055 Schwerin, Werderstr. 64 Telefon: 0385\/20279202 Mobil: 0172\/3148429 www.gordon-brosch.devk.de Herrn Thomas [&hellip;]<\/p>\n","protected":false},"author":3,"featured_media":0,"parent":0,"menu_order":0,"comment_status":"closed","ping_status":"closed","template":"","meta":{"footnotes":""},"class_list":["post-46","page","type-page","status-publish","hentry"],"_links":{"self":[{"href":"https:\/\/erstersjc.de\/index.php?rest_route=\/wp\/v2\/pages\/46","targetHints":{"allow":["GET"]}}],"collection":[{"href":"https:\/\/erstersjc.de\/index.php?rest_route=\/wp\/v2\/pages"}],"about":[{"href":"https:\/\/erstersjc.de\/index.php?rest_route=\/wp\/v2\/types\/page"}],"author":[{"embeddable":true,"href":"https:\/\/erstersjc.de\/index.php?rest_route=\/wp\/v2\/users\/3"}],"replies":[{"embeddable":true,"href":"https:\/\/erstersjc.de\/index.php?rest_route=%2Fwp%2Fv2%2Fcomments&post=46"}],"version-history":[{"count":31,"href":"https:\/\/erstersjc.de\/index.php?rest_route=\/wp\/v2\/pages\/46\/revisions"}],"predecessor-version":[{"id":10529,"href":"https:\/\/erstersjc.de\/index.php?rest_route=\/wp\/v2\/pages\/46\/revisions\/10529"}],"wp:attachment":[{"href":"https:\/\/erstersjc.de\/index.php?rest_route=%2Fwp%2Fv2%2Fmedia&parent=46"}],"curies":[{"name":"wp","href":"https:\/\/api.w.org\/{rel}","templated":true}]}}