{"id":42,"date":"2016-04-13T17:51:28","date_gmt":"2016-04-13T15:51:28","guid":{"rendered":"http:\/\/erstersjc.de\/wordpress\/?page_id=42"},"modified":"2016-12-08T10:00:28","modified_gmt":"2016-12-08T09:00:28","slug":"ueber-uns","status":"publish","type":"page","link":"https:\/\/erstersjc.de\/?page_id=42","title":{"rendered":"\u00dcber uns"},"content":{"rendered":"<p style=\"text-align: center;\"><span style=\"color: #0000ff;\"><strong>JUDO: Nachgeben, um zu siegen<\/strong><\/span><\/p>\n<p style=\"text-align: center;\">In Schwerin hat der Judo-Sport eine lange und erfolgreiche Tradition.<br \/>\nViele in der Stadt haben selber den Judosport betrieben oder haben Bekannte die trainiert haben. Zu DDR-Zeiten holten die \u201ejudoverr\u00fcckten\u201c Schweriner unz\u00e4hlige Medaillen, Meisterschaften und Pokale. Dies konnte auch bis weit in die 90er Jahre gesamtdeutsch fortgef\u00fchrt werden. Damals noch unter der Bezeichnung &#8222;BSG Post Schwerin&#8220; und in den 90er Jahren dann SSC und seit 1999 dann unter &#8222;1. Schweriner Judo Club e.V. 1999&#8220;.<\/p>\n<p style=\"text-align: center;\"><a class=\"imagesizer_thumb\" title=\"\" href=\"https:\/\/erstersjc.de\/wordpress\/wp-includes\/imagesjoom\/verein\/2010\/Weihnachtsturnier_10_alle.JPG\" rel=\"lightbox[id_45]\"><img loading=\"lazy\" decoding=\"async\" class=\"imagesizer_thumb\" src=\"https:\/\/erstersjc.de\/wordpress\/wp-includes\/cache\/45_0_0_images_verein_2010_Weihnachtsturnier_10_alle.JPG\" width=\"562\" height=\"164\" border=\"0\" \/><\/a><\/p>\n<p style=\"text-align: center;\"><span style=\"text-decoration: underline;\"><span style=\"color: #0000ff; text-decoration: underline;\">Wie alles begann!<\/span><\/span><\/p>\n<p style=\"text-align: center;\">Im Februar 1959 begann der junge Mann &#8211; Heinz Reinhard Stiller mit dem Judotraining bei der &#8222;SG Dynamo Schwerin&#8220;. Er trainierte dort selbst und begann angefangen von den Kindern bis zu den Erwachsenen die Trainingsgruppen zu trainieren. Im Jahr 1964 bestand er seine Pr\u00fcfung zum 1.Dan und war damit der erste Judoka aus Mecklenburg dem dies gelang.<\/p>\n<p style=\"text-align: center;\"><span style=\"text-decoration: underline;\"><span style=\"color: #0000ff; text-decoration: underline;\">Gr\u00fcndung der Judoabteilung bei Post Schwerin!<\/span><\/span><\/p>\n<p style=\"text-align: center;\">Er war sehr ehrgeizig und wollte mehr &#8211; einen eigenen Judoclub. Zu DDR-Zeiten ging das nat\u00fcrlich nicht so einfach. So gr\u00fcndete er im Ende 1966 innerhalb der &#8222;BSG Post Schwerin&#8220; die Abteilung Judo. Jetzt konnte er seine eigenen Konzepte und Ideen durchsetzen, denn auf gro\u00dfe Unterst\u00fctzung vom Verein brauchte er nicht warten. Das Hauptaugenmerk lag eindeutig bei der Handballabteilung die bis heute in der 2.Bundesliga spielt. Durch die sp\u00e4teren Erfolge der beiden Abteilungen Handball und Judo war der Verein in der DDR sehr ber\u00fchmt. Die Judonachwuchsarbeit war sehr geachtet und die vielen Talente des Vereins wurden gerne bei den Leistungsclubs dem erfolgreichsten europ\u00e4ischen Judoclub SC Dynamo Berlin-Hoppegarten und SC Leipzig aufgenommen.<\/p>\n<p style=\"text-align: center;\"><span style=\"text-decoration: underline;\"><span style=\"color: #0000ff; text-decoration: underline;\">Suche nach Sportlern und Trainingsst\u00e4tten<\/span><\/span><\/p>\n<p style=\"text-align: center;\">Am 04.01.67 begann das erste Training. Der Aufbau der Sektion war sehr schwierig. Die ehemaligen K\u00e4mpfer der Trainingsgruppe blieben bis auf Eckard Zerck (heute Vereinsvorsitzender) und Frank Mierow (heute Trainer beim JC90 Frankfurt\/Oder) nat\u00fcrlich beim Altverein der SG Dynamo Schwerin. So blieb nichts weiter \u00fcbrig als in die Schulen zu gehen und dort den Kindern den Judosport interessant zu machen. Schon nach kurzer Zeit waren dann 15 Sportler die auf der Matte trainierten. Auch mit der Trainingsst\u00e4tte war es nicht so einfach. Anfangs wurde teilweise in den G\u00e4ngen der damals noch neuen Sport- und Kongresshalle trainiert. Dann als Ausweichm\u00f6glichkeit auch mal im Boxring des &#8222;Sportclub Traktor&#8220;. Ab 1968 wurde die DDR-Spartakiade alle zwei Jahre durchf\u00fchrt. Hier kamen alle Nachwuchstalente der DDR in den olympischen Sportarten zusammen. Hier konnte mit unserem K\u00e4mpfer Bernd Kakuschke die einzige Goldmedalle f\u00fcr den damaligen Bezirk Schwerin im Judo\u00a0 errungen werden. Somit waren Fakten geschaffen an denen die Sportverantwortlichen im Bezirk Schwerin nicht vorbei kamen.<\/p>\n<p style=\"text-align: center;\">Im Herbst 1968 bekam die Abteilung Judo eine Trainingsst\u00e4tte zugewiesen &#8211; das Sportgeb\u00e4ude auf der Albert-Richter-Kampfbahn. Dort gab es zwar gro\u00dfe aber marode R\u00e4ume. Es wurden Pfeiler und Stahltr\u00e4ger, wie in der DDR \u00fcblich, in Eigeninitiative in die R\u00e4umlichkeiten eingebaut, damit die Decke stabilisiert werden konnte. Der Sportkomplex wurde inzwischen abgerissen. Heute sind dort im Zuge der &#8222;BUGA 2009&#8220; die &#8222;schwimmenden Wiesen&#8220; entstanden. Allerdings waren auch diese R\u00e4ume schnell zu klein. Im Jahr 1969 konnte dann der 1. Platz beim Pionierpokal (DDR-Mannschaftmeisterschaften der Kinder) gewonnen werden.\u00a0 Mitte 1969 ging die Suche wieder los und es wurden gr\u00f6\u00dfere R\u00e4ume und zwar ein Dachboden eines Pferdestalls in der L\u00fcbecker Strasse gefunden. Der lag sch\u00f6n zentral in der Stadt mu\u00dfte aber auch erst hergerichtet werden. Also war wieder DDR-Eigeninitative gefragt, denn auf Ausbaufirmen brauchte man in der DDR-Mangelwirtschaft nicht hoffen. So wurden die notwendigen Arbeiten wie z.B. W\u00e4nde verputzen und malern in den Ferien erledigt. Es entstand eine Fl\u00e4che von erst 14&#215;14 Metern und die dann auf 400 qm erweitet wurde. Nun konnte man sich voll auf den Sport konzentrieren und es begann eine sportlich sehr erfolgreiche Zeit (siehe Archiv der Erfolge). Hierzu Berichte aus der Schweriner Volkszeitung vom 04.03.1971, 24.01.1977 und 15.01.1987 (auf den Artikel klicken):<\/p>\n<p style=\"text-align: center;\">\u00a0<a class=\"imagesizer_thumb\" title=\"10 Jahre BSG Post Schwerin - Sektion Judo\" href=\"https:\/\/erstersjc.de\/wordpress\/wp-includes\/imagesjoom\/verein\/SVZ_770124_10Jahre.jpg\" rel=\"lightbox[id_45]\"><img loading=\"lazy\" decoding=\"async\" class=\"imagesizer_thumb\" src=\"https:\/\/erstersjc.de\/wordpress\/wp-includes\/cache\/45_0_0_images_verein_SVZ_770124_10Jahre.jpg\" alt=\"10 Jahre BSG Post Schwerin - Sektion Judo\" width=\"129\" height=\"333\" border=\"0\" \/><\/a> <a class=\"imagesizer_thumb\" title=\"20 Jahre - Post Schwerin Sektion Judo\" href=\"https:\/\/erstersjc.de\/wordpress\/wp-includes\/imagesjoom\/verein\/SVZ_870115_20Jahre.jpg\" rel=\"lightbox[id_45]\"><img loading=\"lazy\" decoding=\"async\" class=\"imagesizer_thumb\" src=\"https:\/\/erstersjc.de\/wordpress\/wp-includes\/cache\/45_0_0_images_verein_SVZ_870115_20Jahre.jpg\" alt=\"20 Jahre - Post Schwerin Sektion Judo\" width=\"304\" height=\"333\" border=\"0\" \/><\/a><\/p>\n<p style=\"text-align: center;\">Bis 1980 konnte diese Trainingst\u00e4tte genutzt werden. Sie war nicht fachgerecht saniert worden und dann zu marode, um dort weiter zu trainieren. Die R\u00e4umlichkeiten wurden vom Bauamt gesperrt. Als Ausweichort diente dann die heutige VfL-Halle in der L\u00fcbecker Strasse. Dann brauchte Heinz Stiller eine Pause und konzentrierte sich 5 Jahre lang auf seinen Lehrerberuf. In der Zeit wurde die Judoabteilung von zwei anderen Trainern gef\u00fchrt. Im Jahr 1983 der der Judoverein ungef\u00e4hr 300 Judokas zwischen 8 und 22 Jahren. Diese trainierten mindestens 2 x die Woche. Es gab 17 \u00dcbungsleiter die den Kindern die Sportart beibrachten. Oft waren es ehemalige aktive Judosportler aus dem Verein die ihre Erfahrungen weiter gaben.<\/p>\n<p style=\"text-align: center;\">Ab dem Jahr 1985 wurde das Training in der Sporthalle der heutigen &#8222;Grundschule Lankow&#8220; und der Sporthalle der &#8222;K\u00f6rperbehindertenschule Lankow&#8220; durchgef\u00fchrt. Es gab kontinuierlich sportliche Erfolge bis 1989 die Wendezeit in der DDR kam. Sport war jetzt nicht mehr so wichtig. So viel Sportf\u00f6rderung wie in der DDR wollte man sich nun in der BRD nicht mehr leisten Viele Trainer wurden entlassen die Verb\u00e4nde und Vereine neu strukturiert, \u00fcberdacht, erneuert und ver\u00e4ndert. Das Resultat dieser Entwicklung sieht man in der Medaillenbilanz der deutschen Sportler bei Olympia die stetig nach unten zeigt. Schade!<\/p>\n<p style=\"text-align: center;\"><span style=\"text-decoration: underline; color: #0000ff;\"><strong>Angliederung an den Gro\u00dfverein SSC!<\/strong><\/span><\/p>\n<p style=\"text-align: center;\">Nachdem im Jahr 1990 neue Konzepte entstanden waren, wurde die Abteilung Judo der BSG Post Schwerin in den gerade entstehenden Gro\u00dfsportverein &#8222;SSC &#8211; Schweriner Sportclub&#8220; aufgenommen. Die Judokas zogen in die ehemalige Boxerhalle der Sport- und Kongresshalle ein. Hier hatte man ideal kurze Wege zur Sportschule auf die jetzt auch die Judokas gehen durften. Jetzt begann die sportlich erfolgreichste Phase der Judokas. Viele gesamtdeutsche Titel, Pokale und Medaillen konnten erk\u00e4mpft werden. Die Schweriner hatten nun sogar deutschlandweit einen guten Namen. Die Clubs vom SC Berlin, JC Leipzig und JC 90 Frankfurt\/Oder freuten sich auf die gut ausgebildeten K\u00e4mpfer aus Schwerin. Jetzt sollte mehr auf Breitensport gesetzt werden und dazu waren keine Spitzentrainer mehr erforderlich.<\/p>\n<p style=\"text-align: center;\"><span style=\"text-decoration: underline; color: #0000ff;\"><strong>Ausgliederung aus dem SSC und Gr\u00fcndung des 1.SJC<\/strong><\/span><\/p>\n<p style=\"text-align: center;\">Im Gro\u00dfverein SSC konzentrierte man sich haupts\u00e4chlich auf die Sportarten Volleyball und Leichtathletik. F\u00fcr die Judokas wurden die organisatorischen Abl\u00e4ufe zu kompliziert. So wurde im Jahr 1999 der &#8222;1.Schweriner Judoclub 1999 e.V.&#8220; gegr\u00fcndet. Gr\u00fcndungsmitglied war seinerzeit unter anderem Schwerins ehemalige B\u00fcrgermeisterin Angelika Gramkow. Das Konzept als selbstst\u00e4ndiger Judoverein klang gut und so kam es Anfangs weiterhin zu guten Erfolgen.<\/p>\n<p style=\"text-align: center;\"><span style=\"text-decoration: underline; color: #0000ff;\"><strong>Bruch im Verein!<\/strong><\/span><\/p>\n<p style=\"text-align: center;\">Im Jahr 2001 gab es dann f\u00fcr den Verein eine schwierige Zeit infolge dessen der Cheftrainer aufh\u00f6rte. Die meisten Mitglieder des Vereins wechselten dann nach und nach zum Nachbarverein PSV Schwerin. Gut f\u00fcr den PSV &#8211; schlecht f\u00fcr den 1. SJC. Der PSV profitiert bis heute von dem Wechsel. Im Jahr 2004 schien dann der alte Traditionsverein zu verschwinden.<\/p>\n<p style=\"text-align: center;\"><span style=\"text-decoration: underline; color: #0000ff;\"><strong>Der Neuanfang!<\/strong><\/span><\/p>\n<p style=\"text-align: center;\">Der damalige Vereinsvorsitzende Ralph Gabler machte sich dann auf den Weg, um den erfahrenen Trainer Heinz Reinhard Stiller wieder zu gewinnen. Der Trainer zeigte Bereitschaft so ging es wieder St\u00fcck f\u00fcr St\u00fcck voran. Einige Sportler kehrten wieder vom PSV Schwerin zur\u00fcck aber es konnten viele junge Judokas gewonnen werden. Man zog im Jahr 2004 aus der inzwischen sanierungsbed\u00fcrftigen Trainingsst\u00e4tte der Sport- und Kongresshalle aus und bezog eine Baracke in dem Stadtteil Gro\u00dfen Dreesch. Es wurde wieder mal zu eng f\u00fcr den Verein. Im Jahr 2007 zog\u00a0 man komplett nach Lankow in nicht mehr genutzte R\u00e4umlichkeiten der Reiko-Fabrik. Die Mitgliederzahlen stiegen auf \u00fcber 130 an. Es wurde ein neuer erweiterter Vorstand gew\u00e4hlt, viele Eltern aktiviert und im Herbst 2008 zog der Verein hoffentlich f\u00fcr lange Zeit in die N\u00e4he des Fernsehturms um.<\/p>\n<p style=\"text-align: center;\"><a class=\"imagesizer_thumb\" title=\"\" href=\"https:\/\/erstersjc.de\/wordpress\/wp-includes\/imagesjoom\/verein\/halle_mit_fernsehturm.jpg\" rel=\"lightbox[id_45]\"><img loading=\"lazy\" decoding=\"async\" class=\"imagesizer_thumb\" src=\"https:\/\/erstersjc.de\/wordpress\/wp-includes\/cache\/45_0_0_images_verein_halle_mit_fernsehturm.jpg\" width=\"312\" height=\"298\" border=\"0\" \/><\/a><\/p>\n<p style=\"text-align: center;\">Hier hat der Verein erstklassige Trainingsbedingungen in der Hamburger Allee 122 im Stadtteil Mue\u00dfer Holz (zwischen dem \u00c4rztehaus und dem Fernsehturm) mit dem weitl\u00e4ufigen Au\u00dfengel\u00e4nde. Hier werden auch die vereinseigenen Turniere durchgef\u00fchrt, angefangen vom gut besetzten &#8222;Herbstturnier&#8220; bis hin zu Anf\u00e4ngerturnieren, dem &#8222;Start ins Jahr&#8220;, &#8222;Fr\u00fchlingscup&#8220;, dem Weihnachtsturnier sowie dem Projekt &#8222;Integration durch Sport&#8220;.<\/p>\n<p style=\"text-align: center;\"><a class=\"imagesizer_thumb\" title=\"6 Turniere im Jahr werden durchgef\u00fchrt\" href=\"https:\/\/erstersjc.de\/wordpress\/wp-includes\/imagesjoom\/verein\/herbst_sn_10_eroeffnung.jpg\" rel=\"lightbox[id_45]\"><img loading=\"lazy\" decoding=\"async\" class=\"imagesizer_thumb\" src=\"https:\/\/erstersjc.de\/wordpress\/wp-includes\/cache\/45_0_0_images_verein_herbst_sn_10_eroeffnung.jpg\" alt=\"6 Turniere im Jahr werden durchgef\u00fchrt\" width=\"531\" height=\"169\" border=\"0\" \/><\/a><\/p>\n<p style=\"text-align: center;\"><a class=\"imagesizer_thumb\" title=\"\" href=\"https:\/\/erstersjc.de\/wordpress\/wp-includes\/imagesjoom\/verein\/sommer08_kaempfe3.jpg\" rel=\"lightbox[id_45]\"><img loading=\"lazy\" decoding=\"async\" class=\"imagesizer_thumb\" src=\"https:\/\/erstersjc.de\/wordpress\/wp-includes\/cache\/45_0_0_images_verein_sommer08_kaempfe3.jpg\" width=\"304\" height=\"192\" border=\"0\" \/><\/a><\/p>\n<p style=\"text-align: center;\">Erfolge gab es in der Vergangenheit zur Gen\u00fcge. In der DDR wurden die aussichtsreichsten Talente aus dem Verein in die Leistungszentren nach Berlin und Leipzig delegiert, die dort dann ihren internationalen Weg nahmen. Zu nennen ist hier der\u00a0 erfolgreichste Judok\u00e4mpfer Schwerins Torsten Brechot der Olympiadritter 1988 und Vizeweltmeister 1985 wurde sowie Roland Borawski und Fred Ohlhorn die jeweils Junioren-Europameister wurden. Aktuell: ihre Grundlagen im Judosport bekam Susi Zimmermann im 1. SJC wurde dann nach Frankfurt\/Oder delegiert und gewann 2008 bei der U20-Weltmeisterschaft die Bronzemedaille und 2010 Silber bei der Mannschaftsweltmeisterschaft. Einen gro\u00dfen Erfolg erk\u00e4mpfte im Jahr 2014 Hartmut Schr\u00f6der mit dem Gewinn der Goldmedaille bei den Deutschen Meisterschaften der \u00dc30.<\/p>\n<p style=\"text-align: center;\">Auch heute erk\u00e4mpfen die Nachwuchstalente des Vereins Medaillen und Pokale und geh\u00f6ren zu den erfolgreichsten Vereinen in Mecklenburg\/Vorpommern. So gab es in 2016 insgesamt 31 Medaillen bei den Meisterschaften in Mecklenburg\/Vorpommern f\u00fcr den Verein, davon 10 Meistertitel. Sportlich noch wertvoller waren die 1 x Silber- und die 4 x Bronzemedaille bei den Nordosteinzelmeisterschaften. Sogar bei den Deutschen Meisterschaften gab wieder eine Silber- und Bronzemedaille durch unsere &#8222;Oldis&#8220; Mirco Bartke und Ilka Baumgart. Till Gronke konnte bei der U21-Deutschen Meisterschaft den Verein vertreten. Auch bei den Bundessichtungsturnieren war der 1.SJC vertretetn. Hier gab es einen 3. Platz durch Kim Tepelmann. Erfolgreich vertreten die Judokas den Verein auch bei gro\u00dfen Turnieren in anderen Bundesl\u00e4ndern. H\u00f6hepunkt f\u00fcr den Nachwuchs war der 5. Platz der U14-Jungs beim Deutschen Jugendpokal (Mannschaftswettbewerb)\u00a0 in Senftenberg.<\/p>\n<p style=\"text-align: center;\">Der Verein veranstaltet mehrere Turniere im Jahr. Hier zeigt sich die gro\u00dfe ehrenamtliche Einsatzbereitschaft der Vereinsmitglieder und Eltern ohne die es nicht m\u00f6glich ist.<\/p>\n<p style=\"text-align: center;\"><a class=\"imagesizer_thumb\" title=\"Viele Medaillen werden erk\u00e4mpft!\" href=\"https:\/\/erstersjc.de\/wordpress\/wp-includes\/imagesjoom\/verein\/2010\/Herbst_SN_10_U9_U11.JPG\" rel=\"lightbox[id_45]\"><img loading=\"lazy\" decoding=\"async\" class=\"imagesizer_thumb\" src=\"https:\/\/erstersjc.de\/wordpress\/wp-includes\/cache\/45_0_0_images_verein_2010_Herbst_SN_10_U9_U11.JPG\" alt=\"Viele Medaillen werden erk\u00e4mpft!\" width=\"424\" height=\"244\" border=\"0\" \/><\/a> <a class=\"imagesizer_thumb\" title=\"Landesmeister der M\u00e4nner\" href=\"https:\/\/erstersjc.de\/wordpress\/wp-includes\/imagesjoom\/verein\/2010\/LMM_10_Mannschaft.JPG\" rel=\"lightbox[id_45]\"><img loading=\"lazy\" decoding=\"async\" class=\"imagesizer_thumb\" src=\"https:\/\/erstersjc.de\/wordpress\/wp-includes\/cache\/45_0_0_images_verein_2010_LMM_10_Mannschaft.JPG\" alt=\"Landesmeister der M\u00e4nner\" width=\"355\" height=\"244\" border=\"0\" \/><\/a><\/p>\n<p style=\"text-align: center;\">Zum 20-j\u00e4hrigen bestehen des Judoverbandes Mecklenburg\/Vorpommerns im Jahr 2010 wurde Vorstandsmitglied und Trainer Ralph Gabler mit der \u201eEhrennadel in Bronze\u201c ausgezeichnet. Im Jahr 2015 bekam Ralph die\u00a0 \u201eBronzenen Ehrennadel des Stadtsportbundes\u201c f\u00fcr seine sehr engagierte Arbeit.<\/p>\n<p style=\"text-align: center;\">Unser im August 2016 leider viel zu fr\u00fch verstorbene ehemalige Vereinsvorsitzender Eckhard Zerck wurde 2012 als Auszeichnung f\u00fcr die tolle Arbeit der 4.Dan verliehen. In 2014 bekam er die \u201eEhrennadeln des Stadtsportbundes\u201c sowie 2015 die \u201eGoldene Ehrennadel des Landessportbundes\u201c f\u00fcr die Verdienste im Judosport. Es ist ein schmerzlicher Verlust &#8222;Ecki&#8220; nicht mehr dabei zu haben.<\/p>\n<p style=\"text-align: center;\">Sein jahrelanger Weggef\u00e4hrte und frisch gew\u00e4hlte Vereinsvorsitzende des 1.SJC \u2013 Hartmut Schr\u00f6der erhielt 2016 im Rahmen der Mitgliederversammlung des Landesfachverbandes Judo (JVMV) aus den H\u00e4nden des Pr\u00e4sidenten Harry Oberschmidt die Auszeichnung f\u00fcr den 2.Dan aufgrund seiner gezeigten Judo-Leistungen. Sein letzter gro\u00dfer Erfolg war im Jahr 2014 der Gewinn der Goldmedaille bei den Deutschen Meisterschaften der \u00dc30 &#8211; danach trat er von\u00a0 der aktiven B\u00fchne ab.<\/p>\n<p style=\"text-align: center;\">Das zeigt wie erfolgreich die Arbeit mit den Kindern und Jugendlichen gesehen wird. Von unseren Trainern mit den langj\u00e4hrigen Erfahrungen und dem Wissen \u00fcber den Judosport erhalten die K\u00e4mpfer eine hervorragende Ausbildung. So k\u00f6nnen alle Bereiche vom Breitensport, Leistungssport als auch der Erwachsenensport abgedeckt werden. Trainiert wird jeden Tag in der Judohalle egal ob Junge oder M\u00e4dchen. Selbst eine Erwachsenengruppe gibt es im Verein und so mancher ehemalige aktive Judoka sollte den Weg nicht scheuen, um sich ungezwungen sportlich fit zu halten. F\u00fcr Eltern der Vereinskinder die aus verschieden Gr\u00fcnden keinen Judosport betreiben sich aber aktiv bet\u00e4tigen wollen, gibt es inzwischen jeden Mittwoch von 20.00 &#8211; 21.30 Uhr in der Sport- und Schwimmhalle der K\u00f6rperbehindertenschule Lankow die M\u00f6glichkeit sich durch Ballspiele, Fitness\u00fcbungen und Schwimmen fit zu halten.<\/p>\n<p style=\"text-align: center;\">Derzeit trainieren weit \u00fcber 160 Kindern und Jugendliche in den verschiedenen Trainingsgruppen. Aus dem Verein gehen viele Sportler zum Sportgymnasium in Schwerin und sind dort sehr angesehen. Sie verfolgen den leistungssportlichen Weg den der Verein gemeinsam mit den Eltern und den Verb\u00e4nden unterst\u00fctzt und haben auch die M\u00f6glichkeit bei Internationalen Turnieren erfolgreich zu starten.<\/p>\n<p style=\"text-align: center;\"><a class=\"imagesizer_thumb\" title=\"Traning in den Gruppen\" href=\"https:\/\/erstersjc.de\/wordpress\/wp-includes\/imagesjoom\/verein\/training_2010_1.jpg\" rel=\"lightbox[id_45]\"><img loading=\"lazy\" decoding=\"async\" class=\"imagesizer_thumb\" src=\"https:\/\/erstersjc.de\/wordpress\/wp-includes\/cache\/45_0_0_images_verein_training_2010_1.jpg\" alt=\"Traning in den Gruppen\" width=\"281\" height=\"209\" border=\"0\" \/><\/a> <a class=\"imagesizer_thumb\" title=\"\" href=\"https:\/\/erstersjc.de\/wordpress\/wp-includes\/imagesjoom\/verein\/training2.jpg\" rel=\"lightbox[id_45]\"><img loading=\"lazy\" decoding=\"async\" class=\"imagesizer_thumb\" src=\"https:\/\/erstersjc.de\/wordpress\/wp-includes\/cache\/45_0_0_images_verein_training2.jpg\" width=\"279\" height=\"209\" border=\"0\" \/><\/a><\/p>\n<p style=\"text-align: center;\">Judotraining ist nicht nur k\u00e4mpfen. Erfolge ben\u00f6tigen ein ganzheitliches Training des K\u00f6rpers. So sind Techniktraining genauso wichtig wie Beweglichkeit, Schnelligkeit, Geschicklichkeit, Kraft und Ausdauer aber auch der Spa\u00df kommt nicht zu kurz. Daf\u00fcr sorgt der Verein gemeinsam mit den Eltern bei den famili\u00e4ren Vereinsfesten. Oft wird gestaunt, dass ein Judoka einen Spagat beherrscht oder Handstand laufen kann und selbst bei einem Sprint andere Sportler hinter sich l\u00e4sst. Dies sind Grundlagen die Judokas von ihren Trainern lernen. Schwerin soll auch zuk\u00fcnftig durch \u201eSpitzenjudokas\u201c vertreten sein, das ist der Wille des Vereins.<\/p>\n<p style=\"text-align: center;\">Derzeit werden zus\u00e4tzlich auch die Arbeitsgemeinschaften in der Grundschule Lankow, in der Fritz-Reuter-Schule,\u00a0 und auch die in der Schule in Br\u00fcsewitz vom Verein betreut.<br \/>\nWer neugierig geworden ist oder sich einfach nur \u201eJudo\u201c &#8211; sportlich bet\u00e4tigen m\u00f6chte, kann mit dem Verein Kontakt aufnehmen und erstmal einen &#8222;Schnupperkurs&#8220; mitmachen. Mitmachen kann jeder &#8211; von 4 Jahren an bis zum Senioren.<\/p>\n","protected":false},"excerpt":{"rendered":"<p>JUDO: Nachgeben, um zu siegen In Schwerin hat der Judo-Sport eine lange und erfolgreiche Tradition. Viele in der Stadt haben selber den Judosport betrieben oder haben Bekannte die trainiert haben. Zu DDR-Zeiten holten die \u201ejudoverr\u00fcckten\u201c Schweriner unz\u00e4hlige Medaillen, Meisterschaften und Pokale. Dies konnte auch bis weit in die 90er Jahre gesamtdeutsch fortgef\u00fchrt werden. Damals noch [&hellip;]<\/p>\n","protected":false},"author":3,"featured_media":0,"parent":0,"menu_order":0,"comment_status":"closed","ping_status":"closed","template":"","meta":{"footnotes":""},"class_list":["post-42","page","type-page","status-publish","hentry"],"_links":{"self":[{"href":"https:\/\/erstersjc.de\/index.php?rest_route=\/wp\/v2\/pages\/42","targetHints":{"allow":["GET"]}}],"collection":[{"href":"https:\/\/erstersjc.de\/index.php?rest_route=\/wp\/v2\/pages"}],"about":[{"href":"https:\/\/erstersjc.de\/index.php?rest_route=\/wp\/v2\/types\/page"}],"author":[{"embeddable":true,"href":"https:\/\/erstersjc.de\/index.php?rest_route=\/wp\/v2\/users\/3"}],"replies":[{"embeddable":true,"href":"https:\/\/erstersjc.de\/index.php?rest_route=%2Fwp%2Fv2%2Fcomments&post=42"}],"version-history":[{"count":15,"href":"https:\/\/erstersjc.de\/index.php?rest_route=\/wp\/v2\/pages\/42\/revisions"}],"predecessor-version":[{"id":4431,"href":"https:\/\/erstersjc.de\/index.php?rest_route=\/wp\/v2\/pages\/42\/revisions\/4431"}],"wp:attachment":[{"href":"https:\/\/erstersjc.de\/index.php?rest_route=%2Fwp%2Fv2%2Fmedia&parent=42"}],"curies":[{"name":"wp","href":"https:\/\/api.w.org\/{rel}","templated":true}]}}