{"id":4,"date":"2016-04-11T22:54:40","date_gmt":"2016-04-11T20:54:40","guid":{"rendered":"http:\/\/erstersjc.de\/wordpress\/?page_id=4"},"modified":"2026-04-17T07:37:38","modified_gmt":"2026-04-17T05:37:38","slug":"willkommen","status":"publish","type":"page","link":"https:\/\/erstersjc.de\/","title":{"rendered":"Willkommen"},"content":{"rendered":"\r\n<p>&nbsp;<\/p>\r\n<p>&nbsp;<\/p>\r\n<table style=\"border-color: #dd2727;\" border=\"1\">\r\n<tbody>\r\n<tr>\r\n<td style=\"width: 747px; background-color: #dd2727;\">\r\n<h5 style=\"text-align: center;\"><span class=\"tadv-format-panel\" style=\"color: #ffffff; font-size: 20px;\"><strong>Hier k\u00f6nnt ihr alles \u00fcber den 1. Schweriner Judoclub e.V. 1999 erfahren.<br \/>Wir w\u00fcnschen Euch viel Spa\u00df!<\/strong><\/span><\/h5>\r\n<p style=\"text-align: center;\"><span class=\"tadv-format-panel\" style=\"color: #ffff00; font-size: 16px;\"><strong>Schnuppertraining wieder jeden <span class=\"tadv-format-panel\">Freitag um 16.00 Uhr<\/span>\u00a0!!<br \/><br \/><\/strong><\/span><\/p>\r\n<p style=\"text-align: center;\"><span style=\"font-size: 28px; color: #0000ff;\"><strong>Unsere neue Vereinskollektion findet Ihr unter<br \/><span style=\"text-decoration: underline;\"><span style=\"color: #0000ff; text-decoration: underline;\"><a style=\"color: #0000ff; text-decoration: underline;\" href=\"https:\/\/erstersjc.de\/?page_id=437\">Vereinsartikel<\/a><\/span><\/span><\/strong><\/span><\/p>\r\n<p>&nbsp;<\/p>\r\n<\/td>\r\n<\/tr>\r\n<\/tbody>\r\n<\/table>\r\n<p style=\"text-align: center;\"><span style=\"font-size: 20px; color: #595959;\"><strong><span class=\"tadv-format-panel\">+++<br \/><\/span><\/strong><\/span><\/p>\r\n<table style=\"border-collapse: collapse; background-color: #f7eba6;\" border=\"1\">\r\n<tbody>\r\n<tr>\r\n<td style=\"width: 252.5px;\">\r\n<p style=\"text-align: center;\"><span style=\"color: #595959;\"><strong><br \/><span style=\"font-family: georgia, palatino, serif;\">Einladung zum\u00a0<\/span><\/strong><\/span><\/p>\r\n<p style=\"text-align: center;\"><span style=\"font-size: 32px; color: #ff0000;\"><strong>Fr\u00fchlingspokal 2026<\/strong><\/span><\/p>\r\n<p style=\"text-align: center;\"><span style=\"color: #595959; font-size: 24px; font-family: georgia, palatino, serif;\"><strong>U9\/U11\/U13<\/strong><\/span><\/p>\r\n<p style=\"text-align: center;\"><span style=\"color: #595959; font-family: georgia, palatino, serif;\"><strong>am 18.04.2026<\/strong><\/span><\/p>\r\n<p style=\"text-align: center;\">\u00a0<\/p>\r\n<p style=\"text-align: center;\"><a href=\"https:\/\/erstersjc.de\/wp-content\/uploads\/2026\/04\/Fruehlingspokal-2026-Ausschreibung_neu.pdf\"><span style=\"color: #008000; font-family: georgia, palatino, serif;\"><strong>zur Ausschreibung<\/strong><\/span><\/a><\/p>\r\n<p style=\"text-align: center;\"><span style=\"font-size: 16px;\"><strong><span style=\"color: #595959;\">\u00a0 \u00a0<\/span><\/strong><\/span><b><\/b><\/p>\r\n<\/td>\r\n<\/tr>\r\n<\/tbody>\r\n<\/table>\r\n<p style=\"text-align: center;\"><span style=\"font-size: 20px; color: #595959;\"><strong><span class=\"tadv-format-panel\">\u00a0<\/span><\/strong><\/span><span style=\"font-size: 20px;\"><strong><span class=\"tadv-format-panel\">+++<\/span><\/strong><\/span><\/p>\r\n<table style=\"border-collapse: collapse; background-color: #bbf2fa;\" border=\"1\">\r\n<tbody>\r\n<tr>\r\n<td style=\"width: 6.19318px;\">\r\n<p style=\"text-align: center;\"><span style=\"color: #595959;\"><strong>\u00a0<\/strong><\/span><\/p>\r\n<p style=\"text-align: center;\"><span style=\"color: #008000;\"><span style=\"font-size: 28px;\"><b>\u00a0\u00a0<\/b><\/span><\/span><\/p>\r\n<\/td>\r\n<\/tr>\r\n<\/tbody>\r\n<\/table>\r\n<p style=\"text-align: center;\">\u00a0<\/p>\r\n<p style=\"text-align: center;\"><span class=\"tadv-format-panel\" style=\"color: #595959; font-size: 20px;\"><strong>\u00a0<\/strong><\/span><\/p>\r\n<p><span style=\"color: #595959;\"><strong><a style=\"color: #595959;\" href=\"https:\/\/erstersjc.de\/wp-content\/uploads\/2016\/12\/Weihnacht_16_Gruppe.jpg\"><img loading=\"lazy\" decoding=\"async\" class=\"wp-image-4472 \" src=\"https:\/\/erstersjc.de\/wp-content\/uploads\/2016\/12\/Weihnacht_16_Gruppe.jpg\" width=\"962\" height=\"241\" srcset=\"https:\/\/erstersjc.de\/wp-content\/uploads\/2016\/12\/Weihnacht_16_Gruppe.jpg 984w, https:\/\/erstersjc.de\/wp-content\/uploads\/2016\/12\/Weihnacht_16_Gruppe-300x75.jpg 300w, https:\/\/erstersjc.de\/wp-content\/uploads\/2016\/12\/Weihnacht_16_Gruppe-768x192.jpg 768w\" sizes=\"auto, (max-width: 962px) 100vw, 962px\" \/><\/a><\/strong><\/span><\/p>\r\n<p><span style=\"color: #595959;\"><strong><\/strong><\/span><\/p>","protected":false},"excerpt":{"rendered":"<p>&nbsp; &nbsp; Hier k\u00f6nnt ihr alles \u00fcber den 1. Schweriner Judoclub e.V. 1999 erfahren.Wir w\u00fcnschen Euch viel Spa\u00df! Schnuppertraining wieder jeden Freitag um 16.00 Uhr\u00a0!! Unsere neue Vereinskollektion findet Ihr unterVereinsartikel &nbsp; +++ Einladung zum\u00a0 Fr\u00fchlingspokal 2026 U9\/U11\/U13 am 18.04.2026 \u00a0 zur Ausschreibung \u00a0 \u00a0 \u00a0+++ \u00a0 \u00a0\u00a0 \u00a0 \u00a0<\/p>\n","protected":false},"author":1,"featured_media":0,"parent":0,"menu_order":0,"comment_status":"closed","ping_status":"closed","template":"","meta":{"footnotes":""},"class_list":["post-4","page","type-page","status-publish","hentry"],"_links":{"self":[{"href":"https:\/\/erstersjc.de\/index.php?rest_route=\/wp\/v2\/pages\/4","targetHints":{"allow":["GET"]}}],"collection":[{"href":"https:\/\/erstersjc.de\/index.php?rest_route=\/wp\/v2\/pages"}],"about":[{"href":"https:\/\/erstersjc.de\/index.php?rest_route=\/wp\/v2\/types\/page"}],"author":[{"embeddable":true,"href":"https:\/\/erstersjc.de\/index.php?rest_route=\/wp\/v2\/users\/1"}],"replies":[{"embeddable":true,"href":"https:\/\/erstersjc.de\/index.php?rest_route=%2Fwp%2Fv2%2Fcomments&post=4"}],"version-history":[{"count":369,"href":"https:\/\/erstersjc.de\/index.php?rest_route=\/wp\/v2\/pages\/4\/revisions"}],"predecessor-version":[{"id":11604,"href":"https:\/\/erstersjc.de\/index.php?rest_route=\/wp\/v2\/pages\/4\/revisions\/11604"}],"wp:attachment":[{"href":"https:\/\/erstersjc.de\/index.php?rest_route=%2Fwp%2Fv2%2Fmedia&parent=4"}],"curies":[{"name":"wp","href":"https:\/\/api.w.org\/{rel}","templated":true}]}}