{"id":27,"date":"2016-04-13T17:36:19","date_gmt":"2016-04-13T15:36:19","guid":{"rendered":"http:\/\/erstersjc.de\/wordpress\/?page_id=27"},"modified":"2025-02-12T10:27:11","modified_gmt":"2025-02-12T09:27:11","slug":"trainer","status":"publish","type":"page","link":"https:\/\/erstersjc.de\/?page_id=27","title":{"rendered":"Trainer"},"content":{"rendered":"<p style=\"text-align: center;\"><strong>Die Trainer des 1. Schweriner Judoclubs.<\/strong><\/p>\n<table border=\"1\">\n<tbody>\n<tr>\n<td style=\"width: 443px;\" colspan=\"2\"><strong><strong>Die Trainer<\/strong><\/strong><\/td>\n<\/tr>\n<tr>\n<td style=\"width: 179px;\"><img decoding=\"async\" class=\"aligncenter\" src=\"https:\/\/erstersjc.de\/wordpress\/wp-includes\/imagesjoom\/verein\/nils_wernecke.jpg\" border=\"0\" \/><\/td>\n<td style=\"width: 258px;\"><strong>Nils Wernecke<\/strong><\/p>\n<p>Tr\u00e4ger des 2. DAN<\/p>\n<p>Trainer B &#8211; Judo-Selbstverteidigung<\/p>\n<p>Trainer C &#8211; Leistungssport<\/td>\n<\/tr>\n<tr>\n<td style=\"width: 179px;\"><a class=\"imagesizer_thumb\" title=\"Mirko Bartke, 1.Dan\" href=\"https:\/\/erstersjc.de\/wordpress\/wp-includes\/imagesjoom\/verein\/bartke_11.jpg\" rel=\"lightbox[id_51]\"><img loading=\"lazy\" decoding=\"async\" class=\"imagesizer_thumb aligncenter\" src=\"https:\/\/erstersjc.de\/wordpress\/wp-includes\/cache\/51_0_0_images_verein_bartke_11.jpg\" alt=\"Mirko Bartke, 1.Dan\" width=\"150\" height=\"187\" border=\"0\" \/><\/a><\/td>\n<td style=\"width: 258px;\"><strong>Mirko Bartke<\/strong><\/p>\n<p>Tr\u00e4ger des 3. DAN<\/p>\n<p>Trainer C\u2013Judo Breitensport<\/td>\n<\/tr>\n<tr>\n<td style=\"width: 179px;\"><a class=\"imagesizer_thumb\" title=\"\" href=\"https:\/\/erstersjc.de\/wordpress\/wp-includes\/imagesjoom\/verein\/hannes_schneider.jpg\" rel=\"lightbox[id_51]\"><img loading=\"lazy\" decoding=\"async\" class=\"imagesizer_thumb aligncenter\" src=\"https:\/\/erstersjc.de\/wordpress\/wp-includes\/cache\/51_0_0_images_verein_hannes_schneider.jpg\" width=\"151\" height=\"201\" border=\"0\" \/><\/a><\/td>\n<td style=\"width: 258px;\"><strong>Hannes Schneider<\/strong><\/p>\n<p>Tr\u00e4ger des 3. DAN<\/p>\n<p>Kampfrichter Bundes A &#8211; Lizenz<\/td>\n<\/tr>\n<tr>\n<td style=\"width: 179px;\"><a class=\"imagesizer_thumb\" title=\"Peter Schneider\" href=\"https:\/\/erstersjc.de\/wordpress\/wp-includes\/imagesjoom\/verein\/SchneiderP_08_220x175.jpg\" rel=\"lightbox[id_51]\"><img loading=\"lazy\" decoding=\"async\" class=\"imagesizer_thumb aligncenter\" src=\"https:\/\/erstersjc.de\/wordpress\/wp-includes\/cache\/51_0_0_images_verein_SchneiderP_08_220x175.jpg\" alt=\"Peter Schneider\" width=\"150\" height=\"186\" border=\"0\" \/><\/a><\/td>\n<td style=\"width: 258px;\"><strong>Peter Schneider<\/strong><\/p>\n<p>Tr\u00e4ger des 3. DAN<\/p>\n<p>Trainer A &#8211; Leistungssport<\/td>\n<\/tr>\n<tr>\n<td style=\"width: 179px;\"><a class=\"imagesizer_thumb\" title=\"Christian Gabler\" href=\"https:\/\/erstersjc.de\/wordpress\/wp-includes\/imagesjoom\/verein\/Christian_Trainer_12.JPG\" rel=\"lightbox[id_51]\"><img loading=\"lazy\" decoding=\"async\" class=\"imagesizer_thumb aligncenter\" src=\"https:\/\/erstersjc.de\/wordpress\/wp-includes\/cache\/51_0_0_images_verein_Christian_Trainer_12.JPG\" alt=\"Christian Gabler\" width=\"150\" height=\"122\" border=\"0\" \/><\/a><\/td>\n<td style=\"width: 258px;\"><strong>Christian Gabler<\/strong><\/p>\n<p>Tr\u00e4ger des 1. DAN<\/p>\n<p>Trainer C &#8211; Leistungssport<\/p>\n<p>Kampfrichter B &#8211; Landeslizenz<\/td>\n<\/tr>\n<tr>\n<td style=\"width: 179px;\"><a class=\"imagesizer_thumb\" title=\"Ines Schreiber\" href=\"https:\/\/erstersjc.de\/wordpress\/wp-includes\/imagesjoom\/verein\/Schreiber_Ines_09.JPG\" rel=\"lightbox[id_51]\"><img loading=\"lazy\" decoding=\"async\" class=\"imagesizer_thumb aligncenter\" src=\"https:\/\/erstersjc.de\/wordpress\/wp-includes\/cache\/51_0_0_images_verein_Schreiber_Ines_09.JPG\" alt=\"Ines Schreiber\" width=\"150\" height=\"188\" border=\"0\" \/><\/a><\/td>\n<td style=\"width: 258px;\"><strong>Ines Haase<\/strong><\/p>\n<p>Tr\u00e4gerin des 1. DAN<\/td>\n<\/tr>\n<tr>\n<td style=\"width: 179px;\"><a class=\"imagesizer_thumb\" title=\"Jan Petrak\" href=\"https:\/\/erstersjc.de\/wordpress\/wp-includes\/imagesjoom\/verein\/Petrak_Jan.JPG\" rel=\"lightbox[id_51]\"><img loading=\"lazy\" decoding=\"async\" class=\"imagesizer_thumb aligncenter\" src=\"https:\/\/erstersjc.de\/wordpress\/wp-includes\/cache\/51_0_0_images_verein_Petrak_Jan.JPG\" alt=\"Jan Petrak\" width=\"151\" height=\"202\" border=\"0\" \/><\/a><\/td>\n<td style=\"width: 258px;\"><strong>Jan Petrak<\/strong><\/p>\n<p>Tr\u00e4ger des 1. DAN<\/p>\n<p>Trainer C\u2013Judo Breitensport<\/td>\n<\/tr>\n<tr>\n<td style=\"width: 179px;\"><a class=\"imagesizer_thumb\" title=\"Tino Gli\u00dfmann\" href=\"https:\/\/erstersjc.de\/wordpress\/wp-includes\/imagesjoom\/verein\/glissmann_tino15_klein.jpg\" rel=\"lightbox[id_51]\"><img loading=\"lazy\" decoding=\"async\" class=\"imagesizer_thumb aligncenter\" src=\"https:\/\/erstersjc.de\/wordpress\/wp-includes\/cache\/51_0_0_images_verein_glissmann_tino15_klein.jpg\" alt=\"Tino Gli\u00dfmann\" width=\"152\" height=\"243\" border=\"0\" \/><\/a><\/td>\n<td style=\"width: 258px;\"><strong>Tino Gli\u00dfmann<\/strong><\/p>\n<p>Tr\u00e4ger des 1. DAN<\/p>\n<p>Trainer C\u2013Judo Breitensport<\/td>\n<\/tr>\n<tr>\n<td style=\"width: 179px;\"><a href=\"https:\/\/erstersjc.de\/wp-content\/uploads\/2016\/12\/Tepelmann_Kim.jpg\"><img loading=\"lazy\" decoding=\"async\" class=\"wp-image-4442 aligncenter\" src=\"https:\/\/erstersjc.de\/wp-content\/uploads\/2016\/12\/Tepelmann_Kim-192x300.jpg\" alt=\"\" width=\"152\" height=\"238\" srcset=\"https:\/\/erstersjc.de\/wp-content\/uploads\/2016\/12\/Tepelmann_Kim-192x300.jpg 192w, https:\/\/erstersjc.de\/wp-content\/uploads\/2016\/12\/Tepelmann_Kim-768x1197.jpg 768w, https:\/\/erstersjc.de\/wp-content\/uploads\/2016\/12\/Tepelmann_Kim-657x1024.jpg 657w, https:\/\/erstersjc.de\/wp-content\/uploads\/2016\/12\/Tepelmann_Kim.jpg 1081w\" sizes=\"auto, (max-width: 152px) 100vw, 152px\" \/><\/a><\/td>\n<td style=\"width: 258px;\"><strong>Kim Chantal Tepelmann<\/strong><\/p>\n<p>Tr\u00e4gerin des 1. Kyu<\/p>\n<p>Trainer C\u2013Judo Breitensport<\/td>\n<\/tr>\n<tr>\n<td style=\"width: 179px;\"><a href=\"https:\/\/erstersjc.de\/wp-content\/uploads\/2016\/12\/Schulz_Lena_14_220x175.jpg\"><img loading=\"lazy\" decoding=\"async\" class=\"size-full wp-image-4550 aligncenter\" src=\"https:\/\/erstersjc.de\/wp-content\/uploads\/2016\/12\/Schulz_Lena_14_220x175.jpg\" alt=\"\" width=\"175\" height=\"220\" \/><\/a><\/td>\n<td style=\"width: 258px;\"><strong>Lena Sophie Schultz<\/strong><\/p>\n<p>Tr\u00e4gerin des 1. Kyu<\/p>\n<p>Trainer C\u2013Judo Breitensport<\/td>\n<\/tr>\n<tr>\n<td style=\"width: 179px;\"><a href=\"https:\/\/erstersjc.de\/wp-content\/uploads\/2019\/05\/Trainer_Lennard.jpg\"><img loading=\"lazy\" decoding=\"async\" class=\"aligncenter wp-image-8187\" src=\"https:\/\/erstersjc.de\/wp-content\/uploads\/2019\/05\/Trainer_Lennard-197x300.jpg\" alt=\"\" width=\"175\" height=\"267\" srcset=\"https:\/\/erstersjc.de\/wp-content\/uploads\/2019\/05\/Trainer_Lennard-197x300.jpg 197w, https:\/\/erstersjc.de\/wp-content\/uploads\/2019\/05\/Trainer_Lennard.jpg 215w\" sizes=\"auto, (max-width: 175px) 100vw, 175px\" \/><\/a><\/td>\n<td style=\"width: 258px;\"><strong>Lennard Repper<\/strong><\/p>\n<p>Tr\u00e4ger des 1. DAN<\/p>\n<p>Trainer C\u2013Judo Breitensport<\/p>\n<p><strong>\u00a0<\/strong><\/td>\n<\/tr>\n<tr>\n<td style=\"width: 179px;\"><a href=\"https:\/\/erstersjc.de\/wp-content\/uploads\/2019\/05\/Trainer_Friedemann.jpg\"><img loading=\"lazy\" decoding=\"async\" class=\"aligncenter wp-image-8189 size-full\" src=\"https:\/\/erstersjc.de\/wp-content\/uploads\/2019\/05\/Trainer_Friedemann.jpg\" alt=\"\" width=\"175\" height=\"220\" \/><\/a><\/td>\n<td style=\"width: 258px;\"><strong>Friedemann Ahrens<\/strong><\/p>\n<p>Tr\u00e4ger des 1. Kyu<\/p>\n<p>Trainer C\u2013Judo Breitensport<\/p>\n<p><strong>\u00a0<\/strong><\/td>\n<\/tr>\n<tr>\n<td style=\"width: 443px;\" colspan=\"2\"><strong>Vereinssportlehrer<\/strong><\/td>\n<\/tr>\n<tr>\n<td style=\"width: 179px;\"><a href=\"https:\/\/erstersjc.de\/wp-content\/uploads\/2018\/07\/Ralph_18.jpg\"><img loading=\"lazy\" decoding=\"async\" class=\"size-medium wp-image-7059 aligncenter\" src=\"https:\/\/erstersjc.de\/wp-content\/uploads\/2018\/07\/Ralph_18-125x300.jpg\" alt=\"\" width=\"125\" height=\"300\" srcset=\"https:\/\/erstersjc.de\/wp-content\/uploads\/2018\/07\/Ralph_18-125x300.jpg 125w, https:\/\/erstersjc.de\/wp-content\/uploads\/2018\/07\/Ralph_18.jpg 410w\" sizes=\"auto, (max-width: 125px) 100vw, 125px\" \/><\/a><\/td>\n<td style=\"width: 258px;\"><strong>Ralph Gabler<\/strong><\/p>\n<p>Tr\u00e4ger des 1. DAN<\/p>\n<p>Trainer B &#8211; Judo-Selbstverteidigung<\/p>\n<p>Trainer C &#8211; Breitensport<\/p>\n<p>Landeskampfrichter A &#8211; Lizenz<\/td>\n<\/tr>\n<\/tbody>\n<\/table>\n","protected":false},"excerpt":{"rendered":"<p>Die Trainer des 1. Schweriner Judoclubs. Die Trainer Nils Wernecke Tr\u00e4ger des 2. DAN Trainer B &#8211; Judo-Selbstverteidigung Trainer C &#8211; Leistungssport Mirko Bartke Tr\u00e4ger des 3. DAN Trainer C\u2013Judo Breitensport Hannes Schneider Tr\u00e4ger des 3. DAN Kampfrichter Bundes A &#8211; Lizenz Peter Schneider Tr\u00e4ger des 3. DAN Trainer A &#8211; Leistungssport Christian Gabler Tr\u00e4ger [&hellip;]<\/p>\n","protected":false},"author":3,"featured_media":0,"parent":0,"menu_order":0,"comment_status":"closed","ping_status":"closed","template":"","meta":{"footnotes":""},"class_list":["post-27","page","type-page","status-publish","hentry"],"_links":{"self":[{"href":"https:\/\/erstersjc.de\/index.php?rest_route=\/wp\/v2\/pages\/27","targetHints":{"allow":["GET"]}}],"collection":[{"href":"https:\/\/erstersjc.de\/index.php?rest_route=\/wp\/v2\/pages"}],"about":[{"href":"https:\/\/erstersjc.de\/index.php?rest_route=\/wp\/v2\/types\/page"}],"author":[{"embeddable":true,"href":"https:\/\/erstersjc.de\/index.php?rest_route=\/wp\/v2\/users\/3"}],"replies":[{"embeddable":true,"href":"https:\/\/erstersjc.de\/index.php?rest_route=%2Fwp%2Fv2%2Fcomments&post=27"}],"version-history":[{"count":26,"href":"https:\/\/erstersjc.de\/index.php?rest_route=\/wp\/v2\/pages\/27\/revisions"}],"predecessor-version":[{"id":11172,"href":"https:\/\/erstersjc.de\/index.php?rest_route=\/wp\/v2\/pages\/27\/revisions\/11172"}],"wp:attachment":[{"href":"https:\/\/erstersjc.de\/index.php?rest_route=%2Fwp%2Fv2%2Fmedia&parent=27"}],"curies":[{"name":"wp","href":"https:\/\/api.w.org\/{rel}","templated":true}]}}